{"id":112,"date":"2024-11-14T17:13:25","date_gmt":"2024-11-14T16:13:25","guid":{"rendered":"http:\/\/shmuel"},"modified":"2024-11-29T19:05:46","modified_gmt":"2024-11-29T18:05:46","slug":"deposito-vertical-fondo-plano","status":"publish","type":"product","link":"https:\/\/tienda.polimarpoliester.com\/index.php\/producto\/deposito-vertical-fondo-plano\/","title":{"rendered":"Dep\u00f3sito Vertical, fondo plano"},"content":{"rendered":"<p><span style=\"color: #000000;\"><strong>Dep\u00f3sito vers\u00e1til y robusto, dise\u00f1ado para almacenamiento eficiente en espacios reducidos. Ideal para almacenar agua potable o no potable, con materiales espec\u00edficos seg\u00fan la utilidad. Perfecto para uso dom\u00e9stico, agr\u00edcola o industrial.<\/strong><\/span><\/p>\n<p>&nbsp;<\/p>\n<p>Nuestro <span style=\"color: #000000;\">dep\u00f3sito<\/span> vertical de fondo plano est\u00e1 dise\u00f1ado para cubrir todo tipo de necesidades de almacenamiento, ya sea para agua potable o no potable. Fabricados con materiales de alta calidad, ofrecen resistencia, durabilidad y una instalaci\u00f3n sencilla en cualquier espacio.<\/p>\n<p>Ofrecemos dep\u00f3sitos verticales de fondo plano en diversas capacidades, medidas y usos:<\/p>\n<p><strong>Capacidad:<\/strong> 5.000 litros<br \/>\n<strong><b> \u2192 <\/b>Medidas: <\/strong>2 m de di\u00e1metro x 1,6 m aprox. de alto \u00a0\u00a0 |\u00a0 \u00a0 2,5 m de di\u00e1metro x 1,05 m aprox. de alto<\/p>\n<p><strong>Capacidad:<\/strong> 10.000 litros<br \/>\n<strong> <b>\u2192 <\/b>Medidas: <\/strong>2 m de di\u00e1metro x 2,6 m aprox. de alto \u00a0\u00a0 |\u00a0 \u00a0 2,5 m de di\u00e1metro x 1,65 m aprox. de alto<\/p>\n<p><strong>Capacidad:<\/strong> 12.000 litros<br \/>\n<strong> <b>\u2192 <\/b>Medidas: <\/strong>2,5 m de di\u00e1metro x 2,45 m aprox. de alto<\/p>\n<p><strong>Capacidad:<\/strong> 15.000 litros<br \/>\n<strong> <b>\u2192 <\/b>Medidas: <\/strong>2,5 m de di\u00e1metro x 3,10 m aprox. de alto<\/p>\n<p><strong>Capacidad:<\/strong> 20.000 litros<br \/>\n<strong> <b>\u2192 <\/b>Medidas: <\/strong>2,5 m de di\u00e1metro x 4,10 m aprox. de alto<\/p>\n<p><strong>Nota:<\/strong> Fabricados con materiales adecuados para agua potable o no potable seg\u00fan tu elecci\u00f3n.<\/p>\n","protected":false},"excerpt":{"rendered":"<p style=\"font-size: small; text-align: left;\"><strong>Todos los dep\u00f3sitos incluyen<\/strong>: Boca de hombre, un racor de vaciado, enganche y van pintados. Pintados en blanco, gris o verde. Para incluir otros accesorios, capacidades \u00f3 medidas, consultar.<\/p>\n<p style=\"font-size: small; text-align: left;\">Todos nuestros dep\u00f3sitos tienen que ir <strong>instalados sobre una<\/strong> <strong>plancha de hormig\u00f3n<\/strong> bien nivelada y con su mallazo correspondiente.<\/p>\n<p style=\"font-size: small; text-align: left;\">Para otras capacidades, medidas especiales, CONSULTAR!<\/p>\n<p style=\"font-size: small; text-align: left;\">Otro tipo de material como resinas anti\u00e1cidas, CONSULTAR!<\/p>\n<p style=\"font-size: small; text-align: left;\"><strong>Todos los dep\u00f3sitos van con su normativa UNE, CE\u2026.<\/strong><\/p>\n","protected":false},"featured_media":360,"template":"","meta":{"rank_math_lock_modified_date":false},"product_brand":[],"product_cat":[25,27],"product_tag":[],"class_list":{"0":"post-112","1":"product","2":"type-product","3":"status-publish","4":"has-post-thumbnail","6":"product_cat-depositos","7":"product_cat-destacados","9":"first","10":"instock","11":"taxable","12":"shipping-taxable","13":"purchasable","14":"product-type-variable"},"acf":[],"_links":{"self":[{"href":"https:\/\/tienda.polimarpoliester.com\/index.php\/wp-json\/wp\/v2\/product\/112","targetHints":{"allow":["GET"]}}],"collection":[{"href":"https:\/\/tienda.polimarpoliester.com\/index.php\/wp-json\/wp\/v2\/product"}],"about":[{"href":"https:\/\/tienda.polimarpoliester.com\/index.php\/wp-json\/wp\/v2\/types\/product"}],"wp:featuredmedia":[{"embeddable":true,"href":"https:\/\/tienda.polimarpoliester.com\/index.php\/wp-json\/wp\/v2\/media\/360"}],"wp:attachment":[{"href":"https:\/\/tienda.polimarpoliester.com\/index.php\/wp-json\/wp\/v2\/media?parent=112"}],"wp:term":[{"taxonomy":"product_brand","embeddable":true,"href":"https:\/\/tienda.polimarpoliester.com\/index.php\/wp-json\/wp\/v2\/product_brand?post=112"},{"taxonomy":"product_cat","embeddable":true,"href":"https:\/\/tienda.polimarpoliester.com\/index.php\/wp-json\/wp\/v2\/product_cat?post=112"},{"taxonomy":"product_tag","embeddable":true,"href":"https:\/\/tienda.polimarpoliester.com\/index.php\/wp-json\/wp\/v2\/product_tag?post=112"}],"curies":[{"name":"wp","href":"https:\/\/api.w.org\/{rel}","templated":true}]}}