{"id":113,"date":"2024-11-14T17:13:25","date_gmt":"2024-11-14T16:13:25","guid":{"rendered":"http:\/\/shmuel"},"modified":"2024-12-03T19:40:44","modified_gmt":"2024-12-03T18:40:44","slug":"deposito1","status":"publish","type":"product","link":"https:\/\/tienda.polimarpoliester.com\/index.php\/producto\/deposito1\/","title":{"rendered":"Deposito tipo vaso"},"content":{"rendered":"<p><span style=\"color: #000000;\"><strong>Dep\u00f3sito resistente y vers\u00e1til, ideal para m\u00faltiples usos. Disponible en varias capacidades para adaptarse a tus necesidades.<\/strong><\/span><\/p>\n<p>Fabricado con materiales de alta calidad que garantizan durabilidad y funcionalidad. Perfecto para almacenamiento de l\u00edquidos o proyectos personalizados.<\/p>\n<p>Los dep\u00f3sitos tipo vaso pueden ser con o sin tapa.<\/p>\n<p>Se caracterizan por su ligereza, solidez y f\u00e1cil transporte. Capacidades de 1.000, 2.000 y 3.000 l.<\/p>\n<p><strong>Capacidades:<\/strong><\/p>\n<ul>\n<li>1.000l: 1270 di\u00e1metro superior x 980 di\u00e1metro inferior x 1135 altura. Precio: 250 \u20ac<\/li>\n<li>2.000 l: 1665 di\u00e1metro superior x 1460 di\u00e1metro inferior x 1215 altura. Precio: 450 \u20ac<\/li>\n<li>3.000 l: 1655 di\u00e1metro superior x 1430 di\u00e1metro inferior x 1780 altura. Precio: 650 \u20ac<\/li>\n<\/ul>\n<p><strong>A elegir las diferentes medidas de salidas<\/strong> de 32mm, 40mm, 50mm y 63mm.<\/p>\n<p><strong>Colores disponibles:<\/strong> Verde, gris o blanco.<\/p>\n<p>\u00a1Elige el tama\u00f1o que mejor se ajuste a ti!<\/p>\n","protected":false},"excerpt":{"rendered":"<p style=\"font-size: small; text-align: left;\"><strong>Todos los dep\u00f3sitos incluyen<\/strong>: Boca de hombre, un racor de vaciado, enganche y van pintados. Pintados en blanco, gris o verde. Para incluir otros accesorios, capacidades \u00f3 medidas, consultar.<\/p>\n<p style=\"font-size: small; text-align: left;\">Todos nuestros dep\u00f3sitos tienen que ir <strong>instalados sobre una<\/strong> <strong>plancha de hormig\u00f3n<\/strong> bien nivelada y con su mallazo correspondiente.<\/p>\n<p style=\"font-size: small; text-align: left;\">Para otras capacidades, medidas especiales, CONSULTAR!<\/p>\n<p style=\"font-size: small; text-align: left;\">Otro tipo de material como resinas anti\u00e1cidas, CONSULTAR!<\/p>\n<p style=\"font-size: small; text-align: left;\"><strong>Todos los dep\u00f3sitos van con su normativa UNE, CE\u2026.<\/strong><\/p>\n","protected":false},"featured_media":708,"template":"","meta":{"rank_math_lock_modified_date":false},"product_brand":[],"product_cat":[25],"product_tag":[],"class_list":{"0":"post-113","1":"product","2":"type-product","3":"status-publish","4":"has-post-thumbnail","6":"product_cat-depositos","8":"first","9":"instock","10":"taxable","11":"shipping-taxable","12":"purchasable","13":"product-type-variable"},"acf":[],"_links":{"self":[{"href":"https:\/\/tienda.polimarpoliester.com\/index.php\/wp-json\/wp\/v2\/product\/113","targetHints":{"allow":["GET"]}}],"collection":[{"href":"https:\/\/tienda.polimarpoliester.com\/index.php\/wp-json\/wp\/v2\/product"}],"about":[{"href":"https:\/\/tienda.polimarpoliester.com\/index.php\/wp-json\/wp\/v2\/types\/product"}],"wp:featuredmedia":[{"embeddable":true,"href":"https:\/\/tienda.polimarpoliester.com\/index.php\/wp-json\/wp\/v2\/media\/708"}],"wp:attachment":[{"href":"https:\/\/tienda.polimarpoliester.com\/index.php\/wp-json\/wp\/v2\/media?parent=113"}],"wp:term":[{"taxonomy":"product_brand","embeddable":true,"href":"https:\/\/tienda.polimarpoliester.com\/index.php\/wp-json\/wp\/v2\/product_brand?post=113"},{"taxonomy":"product_cat","embeddable":true,"href":"https:\/\/tienda.polimarpoliester.com\/index.php\/wp-json\/wp\/v2\/product_cat?post=113"},{"taxonomy":"product_tag","embeddable":true,"href":"https:\/\/tienda.polimarpoliester.com\/index.php\/wp-json\/wp\/v2\/product_tag?post=113"}],"curies":[{"name":"wp","href":"https:\/\/api.w.org\/{rel}","templated":true}]}}