{"id":411,"date":"2024-11-18T17:20:25","date_gmt":"2024-11-18T16:20:25","guid":{"rendered":"https:\/\/tienda.polimarpoliester.com\/?post_type=product&#038;p=411"},"modified":"2024-11-29T20:55:08","modified_gmt":"2024-11-29T19:55:08","slug":"deposito-horizontal-caballetes","status":"publish","type":"product","link":"https:\/\/tienda.polimarpoliester.com\/index.php\/producto\/deposito-horizontal-caballetes\/","title":{"rendered":"Deposito Horizontal con caballetes"},"content":{"rendered":"<p><span style=\"color: #000000;\"><strong>Los dep\u00f3sitos horizontales fabricados con patas de poli\u00e9ster son utilizados frecuentemente cuando no es necesaria una altura elevada, pero si se hace imprescindible la descarga del dep\u00f3sito por la parte inferior central para que no queden restos del producto en el interior. Disponible en dos medidas para adaptarse a tus necesidades, fabricado con materiales resistentes y de alta calidad.<\/strong><\/span><\/p>\n<p>Su dise\u00f1o incluye soportes que garantizan una instalaci\u00f3n firme en cualquier superficie, ideal para uso dom\u00e9stico, agr\u00edcola o industrial. Fabricado con materiales duraderos, est\u00e1 disponible en dos medidas:<\/p>\n<ul>\n<li><strong>6.000 litros<\/strong>: 3,60 de largo x 1,90 x 2 m ancho.<\/li>\n<li><strong>10.000 litros:<\/strong>\u00a04,30 de largo x 1,90 x 2 de ancho.<\/li>\n<\/ul>\n<p>Este dep\u00f3sito combina funcionalidad y calidad, asegurando un rendimiento \u00f3ptimo en cualquier entorno.<\/p>\n<p><strong>A elegir las diferentes medidas de salidas<\/strong> de 32mm, 40mm, 50mm y 63mm.<\/p>\n<p><strong>Colores disponibles:<\/strong> Verde, gris o blanco.<\/p>\n<p>\u00a1Elige el tama\u00f1o que mejor se adapte a tus requerimientos y disfruta de un almacenamiento eficiente y confiable!<\/p>\n","protected":false},"excerpt":{"rendered":"<p style=\"font-size: small; text-align: left;\"><strong>Todos los dep\u00f3sitos incluyen<\/strong>: Boca de hombre, un racor de vaciado, enganche y van pintados. Pintados en blanco, gris o verde. Para incluir otros accesorios, capacidades \u00f3 medidas, consultar.<\/p>\n<p style=\"font-size: small; text-align: left;\">Todos nuestros dep\u00f3sitos tienen que ir <strong>instalados sobre una<\/strong> <strong>plancha de hormig\u00f3n<\/strong> bien nivelada y con su mallazo correspondiente.<\/p>\n<p style=\"font-size: small; text-align: left;\">Para otras capacidades, medidas especiales, CONSULTAR!<\/p>\n<p style=\"font-size: small; text-align: left;\">Otro tipo de material como resinas anti\u00e1cidas, CONSULTAR!<\/p>\n<p style=\"font-size: small; text-align: left;\"><strong>Todos los dep\u00f3sitos van con su normativa UNE, CE\u2026.<\/strong><\/p>\n","protected":false},"featured_media":415,"template":"","meta":{"rank_math_lock_modified_date":false},"product_brand":[],"product_cat":[25,27],"product_tag":[],"class_list":{"0":"post-411","1":"product","2":"type-product","3":"status-publish","4":"has-post-thumbnail","6":"product_cat-depositos","7":"product_cat-destacados","9":"first","10":"instock","11":"taxable","12":"shipping-taxable","13":"purchasable","14":"product-type-variable"},"acf":[],"_links":{"self":[{"href":"https:\/\/tienda.polimarpoliester.com\/index.php\/wp-json\/wp\/v2\/product\/411","targetHints":{"allow":["GET"]}}],"collection":[{"href":"https:\/\/tienda.polimarpoliester.com\/index.php\/wp-json\/wp\/v2\/product"}],"about":[{"href":"https:\/\/tienda.polimarpoliester.com\/index.php\/wp-json\/wp\/v2\/types\/product"}],"wp:featuredmedia":[{"embeddable":true,"href":"https:\/\/tienda.polimarpoliester.com\/index.php\/wp-json\/wp\/v2\/media\/415"}],"wp:attachment":[{"href":"https:\/\/tienda.polimarpoliester.com\/index.php\/wp-json\/wp\/v2\/media?parent=411"}],"wp:term":[{"taxonomy":"product_brand","embeddable":true,"href":"https:\/\/tienda.polimarpoliester.com\/index.php\/wp-json\/wp\/v2\/product_brand?post=411"},{"taxonomy":"product_cat","embeddable":true,"href":"https:\/\/tienda.polimarpoliester.com\/index.php\/wp-json\/wp\/v2\/product_cat?post=411"},{"taxonomy":"product_tag","embeddable":true,"href":"https:\/\/tienda.polimarpoliester.com\/index.php\/wp-json\/wp\/v2\/product_tag?post=411"}],"curies":[{"name":"wp","href":"https:\/\/api.w.org\/{rel}","templated":true}]}}