{"id":425,"date":"2024-11-18T18:53:18","date_gmt":"2024-11-18T17:53:18","guid":{"rendered":"https:\/\/tienda.polimarpoliester.com\/?post_type=product&#038;p=425"},"modified":"2024-11-29T19:09:36","modified_gmt":"2024-11-29T18:09:36","slug":"deposito-vertical-hierro","status":"publish","type":"product","link":"https:\/\/tienda.polimarpoliester.com\/index.php\/producto\/deposito-vertical-hierro\/","title":{"rendered":"Deposito Vertical con patas o sin patas de hierro"},"content":{"rendered":"<p><span style=\"color: #000000;\"><strong>Dep\u00f3sitos verticales con o sin patas de madera, ideales para almacenamiento seguro y eficiente. Disponibles en varias capacidades que van desde 4.000\u00a0hasta 12.000 litros, adapt\u00e1ndose a tus necesidades.<\/strong><\/span><\/p>\n<p>Nuestros dep\u00f3sitos verticales, gracias a las patas, recubiertas en poli\u00e9ster ofrecen soluciones vers\u00e1tiles para el almacenamiento de l\u00edquidos en entornos dom\u00e9sticos, agr\u00edcolas o industriales. Dise\u00f1ados para proporcionar estabilidad y durabilidad, son perfectos para almacenar agua u otros l\u00edquidos con total seguridad.<\/p>\n<p><strong>Capacidad y medidas:<\/strong><\/p>\n<ul>\n<li><strong>4.000 litros<\/strong>: 2 m de di\u00e1metro x 2,43 m de alto aprox.<\/li>\n<li><strong>5.000 litros<\/strong>: 2 m de di\u00e1metro x 2,39 m de alto aprox.<\/li>\n<li><strong>6.000 litros<\/strong>: 2 m de di\u00e1metro x 2,70 m de alto aprox.<\/li>\n<li><strong>8.000 litros<\/strong>: 2,5 m de di\u00e1metro x 2,43 m de alto aprox.<\/li>\n<li><strong>10.000 litros<\/strong>: 2,5 m de di\u00e1metro x 2,85 m de alto aprox.<\/li>\n<li><strong>12.000 litros<\/strong>: 2,5 m de di\u00e1metro x 3,25 m de alto aprox.<\/li>\n<\/ul>\n<p>&nbsp;<\/p>\n<p>Fabricados con materiales de alta calidad y con dise\u00f1o robusto, son una opci\u00f3n confiable para todo tipo de necesidades.<\/p>\n<p><strong>A elegir las diferentes medidas de salidas<\/strong> de 32mm, 40mm, 50mm y 63mm.<\/p>\n<p><strong>Colores disponibles:<\/strong> Verde, gris o blanco.<\/p>\n<p>\u00a1Escoge la medida perfecta para tu proyecto y garantiza un almacenamiento eficiente!<\/p>\n","protected":false},"excerpt":{"rendered":"<p style=\"font-size: small; text-align: left;\"><strong>Todos los dep\u00f3sitos incluyen<\/strong>: Boca de hombre, un racor de vaciado, enganche y van pintados. Pintados en blanco, gris o verde. Para incluir otros accesorios, capacidades \u00f3 medidas, consultar.<\/p>\n<p style=\"font-size: small; text-align: left;\">Todos nuestros dep\u00f3sitos tienen que ir <strong>instalados sobre una<\/strong> <strong>plancha de hormig\u00f3n<\/strong> bien nivelada y con su mallazo correspondiente.<\/p>\n<p style=\"font-size: small; text-align: left;\">Para otras capacidades, medidas especiales, CONSULTAR!<\/p>\n<p style=\"font-size: small; text-align: left;\">Otro tipo de material como resinas anti\u00e1cidas, CONSULTAR!<\/p>\n<p style=\"font-size: small; text-align: left;\"><strong>Todos los dep\u00f3sitos van con su normativa UNE, CE\u2026.<\/strong><\/p>\n","protected":false},"featured_media":429,"template":"","meta":{"rank_math_lock_modified_date":false},"product_brand":[],"product_cat":[25,27],"product_tag":[],"class_list":{"0":"post-425","1":"product","2":"type-product","3":"status-publish","4":"has-post-thumbnail","6":"product_cat-depositos","7":"product_cat-destacados","9":"first","10":"instock","11":"taxable","12":"shipping-taxable","13":"purchasable","14":"product-type-variable"},"acf":[],"_links":{"self":[{"href":"https:\/\/tienda.polimarpoliester.com\/index.php\/wp-json\/wp\/v2\/product\/425","targetHints":{"allow":["GET"]}}],"collection":[{"href":"https:\/\/tienda.polimarpoliester.com\/index.php\/wp-json\/wp\/v2\/product"}],"about":[{"href":"https:\/\/tienda.polimarpoliester.com\/index.php\/wp-json\/wp\/v2\/types\/product"}],"wp:featuredmedia":[{"embeddable":true,"href":"https:\/\/tienda.polimarpoliester.com\/index.php\/wp-json\/wp\/v2\/media\/429"}],"wp:attachment":[{"href":"https:\/\/tienda.polimarpoliester.com\/index.php\/wp-json\/wp\/v2\/media?parent=425"}],"wp:term":[{"taxonomy":"product_brand","embeddable":true,"href":"https:\/\/tienda.polimarpoliester.com\/index.php\/wp-json\/wp\/v2\/product_brand?post=425"},{"taxonomy":"product_cat","embeddable":true,"href":"https:\/\/tienda.polimarpoliester.com\/index.php\/wp-json\/wp\/v2\/product_cat?post=425"},{"taxonomy":"product_tag","embeddable":true,"href":"https:\/\/tienda.polimarpoliester.com\/index.php\/wp-json\/wp\/v2\/product_tag?post=425"}],"curies":[{"name":"wp","href":"https:\/\/api.w.org\/{rel}","templated":true}]}}